{"id":10495,"date":"2024-07-05T04:07:56","date_gmt":"2024-07-05T04:07:56","guid":{"rendered":"https:\/\/olalafun.com\/?page_id=10495"},"modified":"2025-07-07T01:35:42","modified_gmt":"2025-07-07T01:35:42","slug":"formations-a-la-carte","status":"publish","type":"page","link":"https:\/\/olalafun.com\/es\/formations-a-la-carte\/","title":{"rendered":"Formations \u00e0 la carte"},"content":{"rendered":"<div data-elementor-type=\"wp-page\" data-elementor-id=\"10495\" class=\"elementor elementor-10495\" data-elementor-post-type=\"page\">\n\t\t\t\t\t\t<section class=\"elementor-section elementor-top-section elementor-element elementor-element-2f1f9ec elementor-section-boxed elementor-section-height-default elementor-section-height-default\" data-id=\"2f1f9ec\" data-element_type=\"section\" data-settings=\"{&quot;background_background&quot;:&quot;classic&quot;}\">\n\t\t\t\t\t\t<div class=\"elementor-container elementor-column-gap-no\">\n\t\t\t\t\t<div class=\"elementor-column elementor-col-100 elementor-top-column elementor-element elementor-element-47f62e1\" data-id=\"47f62e1\" data-element_type=\"column\">\n\t\t\t<div class=\"elementor-widget-wrap elementor-element-populated\">\n\t\t\t\t\t\t<div class=\"elementor-element elementor-element-584d1e6 elementor-widget-tablet__width-initial elementor-widget-mobile__width-initial elementor-widget elementor-widget-heading\" data-id=\"584d1e6\" data-element_type=\"widget\" data-widget_type=\"heading.default\">\n\t\t\t\t<div class=\"elementor-widget-container\">\n\t\t\t<style>\/*! elementor - v3.23.0 - 23-07-2024 *\/\n.elementor-heading-title{padding:0;margin:0;line-height:1}.elementor-widget-heading .elementor-heading-title[class*=elementor-size-]>a{color:inherit;font-size:inherit;line-height:inherit}.elementor-widget-heading .elementor-heading-title.elementor-size-small{font-size:15px}.elementor-widget-heading .elementor-heading-title.elementor-size-medium{font-size:19px}.elementor-widget-heading .elementor-heading-title.elementor-size-large{font-size:29px}.elementor-widget-heading .elementor-heading-title.elementor-size-xl{font-size:39px}.elementor-widget-heading .elementor-heading-title.elementor-size-xxl{font-size:59px}<\/style><h1 class=\"elementor-heading-title elementor-size-default\">Formations \u00e0 la carte<\/h1>\t\t<\/div>\n\t\t\t\t<\/div>\n\t\t\t\t<div class=\"elementor-element elementor-element-6dcb14e elementor-align-center elementor-icon-list--layout-traditional elementor-list-item-link-full_width elementor-widget elementor-widget-icon-list\" data-id=\"6dcb14e\" data-element_type=\"widget\" data-widget_type=\"icon-list.default\">\n\t\t\t\t<div class=\"elementor-widget-container\">\n\t\t\t<link rel=\"stylesheet\" href=\"https:\/\/olalafun.com\/wp-content\/plugins\/elementor\/assets\/css\/widget-icon-list.min.css\">\t\t<ul class=\"elementor-icon-list-items\">\n\t\t\t\t\t\t\t<li class=\"elementor-icon-list-item\">\n\t\t\t\t\t\t\t\t\t\t\t<a href=\"https:\/\/olalafun.com\/es\/\">\n\n\t\t\t\t\t\t\t\t\t\t\t<span class=\"elementor-icon-list-text\">Volver al inicio<\/span>\n\t\t\t\t\t\t\t\t\t\t\t<\/a>\n\t\t\t\t\t\t\t\t\t<\/li>\n\t\t\t\t\t\t<\/ul>\n\t\t\t\t<\/div>\n\t\t\t\t<\/div>\n\t\t\t\t\t<\/div>\n\t\t<\/div>\n\t\t\t\t\t<\/div>\n\t\t<\/section>\n\t\t<div class=\"elementor-element elementor-element-8e9233f e-flex e-con-boxed e-con e-parent\" data-id=\"8e9233f\" data-element_type=\"container\">\n\t\t\t\t\t<div class=\"e-con-inner\">\n\t\t\t\t\t<\/div>\n\t\t\t\t<\/div>\n\t\t\t\t<section class=\"elementor-section elementor-top-section elementor-element elementor-element-9001baf elementor-section-full_width elementor-section-height-default elementor-section-height-default\" data-id=\"9001baf\" data-element_type=\"section\" data-settings=\"{&quot;background_background&quot;:&quot;classic&quot;}\">\n\t\t\t\t\t\t<div class=\"elementor-container elementor-column-gap-no\">\n\t\t\t\t\t<div class=\"elementor-column elementor-col-100 elementor-top-column elementor-element elementor-element-b4948df\" data-id=\"b4948df\" data-element_type=\"column\">\n\t\t\t<div class=\"elementor-widget-wrap elementor-element-populated\">\n\t\t\t\t\t\t<div class=\"elementor-element elementor-element-238b920 elementor-widget-tablet__width-initial elementor-widget-mobile__width-initial elementor-widget elementor-widget-heading\" data-id=\"238b920\" data-element_type=\"widget\" data-widget_type=\"heading.default\">\n\t\t\t\t<div class=\"elementor-widget-container\">\n\t\t\t<h2 class=\"elementor-heading-title elementor-size-default\">S\u00edguenos en Instagram<\/h2>\t\t<\/div>\n\t\t\t\t<\/div>\n\t\t\t\t<div class=\"elementor-element elementor-element-90f1660 elementor-widget elementor-widget-heading\" data-id=\"90f1660\" data-element_type=\"widget\" data-widget_type=\"heading.default\">\n\t\t\t\t<div class=\"elementor-widget-container\">\n\t\t\t<h5 class=\"elementor-heading-title elementor-size-default\"><a href=\"https:\/\/www.instagram.com\/olalafunmtl\/\">@olalafunmtl<\/a><\/h5>\t\t<\/div>\n\t\t\t\t<\/div>\n\t\t\t\t\t<\/div>\n\t\t<\/div>\n\t\t\t\t\t<\/div>\n\t\t<\/section>\n\t\t\t\t<\/div>","protected":false},"excerpt":{"rendered":"<p>Formations \u00e0 la carte retour au d\u00e9but Suis nous sur instagram @olalafunmtl<\/p>","protected":false},"author":3,"featured_media":0,"parent":0,"menu_order":0,"comment_status":"closed","ping_status":"closed","template":"","meta":{"site-sidebar-layout":"default","site-content-layout":"","ast-site-content-layout":"default","site-content-style":"default","site-sidebar-style":"default","ast-global-header-display":"","ast-banner-title-visibility":"","ast-main-header-display":"","ast-hfb-above-header-display":"","ast-hfb-below-header-display":"","ast-hfb-mobile-header-display":"","site-post-title":"disabled","ast-breadcrumbs-content":"","ast-featured-img":"","footer-sml-layout":"","theme-transparent-header-meta":"default","adv-header-id-meta":"","stick-header-meta":"","header-above-stick-meta":"","header-main-stick-meta":"","header-below-stick-meta":"","astra-migrate-meta-layouts":"set","ast-page-background-enabled":"default","ast-page-background-meta":{"desktop":{"background-color":"var(--ast-global-color-4)","background-image":"","background-repeat":"repeat","background-position":"center center","background-size":"auto","background-attachment":"scroll","background-type":"","background-media":"","overlay-type":"","overlay-color":"","overlay-opacity":"","overlay-gradient":""},"tablet":{"background-color":"","background-image":"","background-repeat":"repeat","background-position":"center center","background-size":"auto","background-attachment":"scroll","background-type":"","background-media":"","overlay-type":"","overlay-color":"","overlay-opacity":"","overlay-gradient":""},"mobile":{"background-color":"","background-image":"","background-repeat":"repeat","background-position":"center center","background-size":"auto","background-attachment":"scroll","background-type":"","background-media":"","overlay-type":"","overlay-color":"","overlay-opacity":"","overlay-gradient":""}},"ast-content-background-meta":{"desktop":{"background-color":"var(--ast-global-color-5)","background-image":"","background-repeat":"repeat","background-position":"center center","background-size":"auto","background-attachment":"scroll","background-type":"","background-media":"","overlay-type":"","overlay-color":"","overlay-opacity":"","overlay-gradient":""},"tablet":{"background-color":"var(--ast-global-color-5)","background-image":"","background-repeat":"repeat","background-position":"center center","background-size":"auto","background-attachment":"scroll","background-type":"","background-media":"","overlay-type":"","overlay-color":"","overlay-opacity":"","overlay-gradient":""},"mobile":{"background-color":"var(--ast-global-color-5)","background-image":"","background-repeat":"repeat","background-position":"center center","background-size":"auto","background-attachment":"scroll","background-type":"","background-media":"","overlay-type":"","overlay-color":"","overlay-opacity":"","overlay-gradient":""}},"footnotes":""},"class_list":["post-10495","page","type-page","status-publish","hentry"],"yoast_head":"<!-- This site is optimized with the Yoast SEO plugin v23.1 - https:\/\/yoast.com\/wordpress\/plugins\/seo\/ -->\n<title>Formations \u00e0 la carte - OLALA<\/title>\n<meta name=\"robots\" content=\"index, follow, max-snippet:-1, max-image-preview:large, max-video-preview:-1\" \/>\n<link rel=\"canonical\" href=\"https:\/\/olalafun.com\/es\/formations-a-la-carte\/\" \/>\n<meta property=\"og:locale\" content=\"es_ES\" \/>\n<meta property=\"og:type\" content=\"article\" \/>\n<meta property=\"og:title\" content=\"Formations \u00e0 la carte - OLALA\" \/>\n<meta property=\"og:description\" content=\"Formations \u00e0 la carte retour au d\u00e9but Suis nous sur instagram @olalafunmtl\" \/>\n<meta property=\"og:url\" content=\"https:\/\/olalafun.com\/es\/formations-a-la-carte\/\" \/>\n<meta property=\"og:site_name\" content=\"OLALA\" \/>\n<meta property=\"article:modified_time\" content=\"2025-07-07T01:35:42+00:00\" \/>\n<meta name=\"twitter:card\" content=\"summary_large_image\" \/>\n<meta name=\"twitter:label1\" content=\"Tiempo de lectura\" \/>\n\t<meta name=\"twitter:data1\" content=\"1 minuto\" \/>\n<script type=\"application\/ld+json\" class=\"yoast-schema-graph\">{\"@context\":\"https:\/\/schema.org\",\"@graph\":[{\"@type\":\"WebPage\",\"@id\":\"https:\/\/olalafun.com\/formations-a-la-carte\/\",\"url\":\"https:\/\/olalafun.com\/formations-a-la-carte\/\",\"name\":\"Formations \u00e0 la carte - OLALA\",\"isPartOf\":{\"@id\":\"https:\/\/olalafun.com\/#website\"},\"datePublished\":\"2024-07-05T04:07:56+00:00\",\"dateModified\":\"2025-07-07T01:35:42+00:00\",\"breadcrumb\":{\"@id\":\"https:\/\/olalafun.com\/formations-a-la-carte\/#breadcrumb\"},\"inLanguage\":\"es-CO\",\"potentialAction\":[{\"@type\":\"ReadAction\",\"target\":[\"https:\/\/olalafun.com\/formations-a-la-carte\/\"]}]},{\"@type\":\"BreadcrumbList\",\"@id\":\"https:\/\/olalafun.com\/formations-a-la-carte\/#breadcrumb\",\"itemListElement\":[{\"@type\":\"ListItem\",\"position\":1,\"name\":\"Portada\",\"item\":\"https:\/\/olalafun.com\/\"},{\"@type\":\"ListItem\",\"position\":2,\"name\":\"Formations \u00e0 la carte\"}]},{\"@type\":\"WebSite\",\"@id\":\"https:\/\/olalafun.com\/#website\",\"url\":\"https:\/\/olalafun.com\/\",\"name\":\"OLALA\",\"description\":\"CENTRO D\u00b4esth\u00e9tique, Gaines et produits colombiens, Salon coiffure, Barber\",\"publisher\":{\"@id\":\"https:\/\/olalafun.com\/#organization\"},\"potentialAction\":[{\"@type\":\"SearchAction\",\"target\":{\"@type\":\"EntryPoint\",\"urlTemplate\":\"https:\/\/olalafun.com\/?s={search_term_string}\"},\"query-input\":\"required name=search_term_string\"}],\"inLanguage\":\"es-CO\"},{\"@type\":\"Organization\",\"@id\":\"https:\/\/olalafun.com\/#organization\",\"name\":\"OLALA\",\"url\":\"https:\/\/olalafun.com\/\",\"logo\":{\"@type\":\"ImageObject\",\"inLanguage\":\"es-CO\",\"@id\":\"https:\/\/olalafun.com\/#\/schema\/logo\/image\/\",\"url\":\"https:\/\/olalafun.com\/wp-content\/uploads\/2024\/05\/Logo-disque-rosa-e1715813550126.png\",\"contentUrl\":\"https:\/\/olalafun.com\/wp-content\/uploads\/2024\/05\/Logo-disque-rosa-e1715813550126.png\",\"width\":468,\"height\":217,\"caption\":\"OLALA\"},\"image\":{\"@id\":\"https:\/\/olalafun.com\/#\/schema\/logo\/image\/\"}}]}<\/script>\n<!-- \/ Yoast SEO plugin. -->","yoast_head_json":{"title":"Formations \u00e0 la carte - OLALA","robots":{"index":"index","follow":"follow","max-snippet":"max-snippet:-1","max-image-preview":"max-image-preview:large","max-video-preview":"max-video-preview:-1"},"canonical":"https:\/\/olalafun.com\/es\/formations-a-la-carte\/","og_locale":"es_ES","og_type":"article","og_title":"Formations \u00e0 la carte - OLALA","og_description":"Formations \u00e0 la carte retour au d\u00e9but Suis nous sur instagram @olalafunmtl","og_url":"https:\/\/olalafun.com\/es\/formations-a-la-carte\/","og_site_name":"OLALA","article_modified_time":"2025-07-07T01:35:42+00:00","twitter_card":"summary_large_image","twitter_misc":{"Tiempo de lectura":"1 minuto"},"schema":{"@context":"https:\/\/schema.org","@graph":[{"@type":"WebPage","@id":"https:\/\/olalafun.com\/formations-a-la-carte\/","url":"https:\/\/olalafun.com\/formations-a-la-carte\/","name":"Formations \u00e0 la carte - OLALA","isPartOf":{"@id":"https:\/\/olalafun.com\/#website"},"datePublished":"2024-07-05T04:07:56+00:00","dateModified":"2025-07-07T01:35:42+00:00","breadcrumb":{"@id":"https:\/\/olalafun.com\/formations-a-la-carte\/#breadcrumb"},"inLanguage":"es-CO","potentialAction":[{"@type":"ReadAction","target":["https:\/\/olalafun.com\/formations-a-la-carte\/"]}]},{"@type":"BreadcrumbList","@id":"https:\/\/olalafun.com\/formations-a-la-carte\/#breadcrumb","itemListElement":[{"@type":"ListItem","position":1,"name":"Portada","item":"https:\/\/olalafun.com\/"},{"@type":"ListItem","position":2,"name":"Formations \u00e0 la carte"}]},{"@type":"WebSite","@id":"https:\/\/olalafun.com\/#website","url":"https:\/\/olalafun.com\/","name":"OLALA","description":"CENTRO D\u00b4esth\u00e9tique, Gaines et produits colombiens, Salon coiffure, Barber","publisher":{"@id":"https:\/\/olalafun.com\/#organization"},"potentialAction":[{"@type":"SearchAction","target":{"@type":"EntryPoint","urlTemplate":"https:\/\/olalafun.com\/?s={search_term_string}"},"query-input":"required name=search_term_string"}],"inLanguage":"es-CO"},{"@type":"Organization","@id":"https:\/\/olalafun.com\/#organization","name":"OLALA","url":"https:\/\/olalafun.com\/","logo":{"@type":"ImageObject","inLanguage":"es-CO","@id":"https:\/\/olalafun.com\/#\/schema\/logo\/image\/","url":"https:\/\/olalafun.com\/wp-content\/uploads\/2024\/05\/Logo-disque-rosa-e1715813550126.png","contentUrl":"https:\/\/olalafun.com\/wp-content\/uploads\/2024\/05\/Logo-disque-rosa-e1715813550126.png","width":468,"height":217,"caption":"OLALA"},"image":{"@id":"https:\/\/olalafun.com\/#\/schema\/logo\/image\/"}}]}},"_links":{"self":[{"href":"https:\/\/olalafun.com\/es\/wp-json\/wp\/v2\/pages\/10495","targetHints":{"allow":["GET"]}}],"collection":[{"href":"https:\/\/olalafun.com\/es\/wp-json\/wp\/v2\/pages"}],"about":[{"href":"https:\/\/olalafun.com\/es\/wp-json\/wp\/v2\/types\/page"}],"author":[{"embeddable":true,"href":"https:\/\/olalafun.com\/es\/wp-json\/wp\/v2\/users\/3"}],"replies":[{"embeddable":true,"href":"https:\/\/olalafun.com\/es\/wp-json\/wp\/v2\/comments?post=10495"}],"version-history":[{"count":5,"href":"https:\/\/olalafun.com\/es\/wp-json\/wp\/v2\/pages\/10495\/revisions"}],"predecessor-version":[{"id":10682,"href":"https:\/\/olalafun.com\/es\/wp-json\/wp\/v2\/pages\/10495\/revisions\/10682"}],"wp:attachment":[{"href":"https:\/\/olalafun.com\/es\/wp-json\/wp\/v2\/media?parent=10495"}],"curies":[{"name":"wp","href":"https:\/\/api.w.org\/{rel}","templated":true}]}}